{"id":297,"date":"2020-09-27T19:59:35","date_gmt":"2020-09-27T23:59:35","guid":{"rendered":"http:\/\/alsacv.org\/?page_id=297"},"modified":"2020-09-27T20:06:25","modified_gmt":"2020-09-28T00:06:25","slug":"mes-de-la-herencia-hispanica","status":"publish","type":"page","link":"https:\/\/alsacv.org\/?page_id=297","title":{"rendered":"Mes de La Herencia Hispanica"},"content":{"rendered":"<h2>Informaci\u00f3n General:<\/h2>\n<p>Cada a\u00f1o, los americanos en Estados Unidos celebran el Mes de la Herencia Hisp\u00e1nica desde el 15 de septiembre al 15 de octubre, recordando historias, culturas e importantes contribuciones de los hispanos en los Estados Unidos y en otras partes del mundo cuyas raices vienen de Espa\u00f1a, M\u0117xico, el Caribe y Am\u0117rica del Centro y del Sur.\u00a0 Este mes es el momento para que los militares en los Estados Unidos, tambi\u0117n honren a los hispanoamericanos ca\u00eddos y a los que est\u00e1n en servicio activo y que sirven con honra en las fuerzas militares y defienden nuestra naci\u00f3n.<\/p>\n<p>El 15 de septiembre es importante porque es el aniversario de la independencia de los pa\u00edses de Costa Rica, El Salvador, Guatemala, Honduras y Nicaragua. Adem\u00e1s M\u0117xico y Chile celebran su independencia los d\u00edas 16 y 18 de septiembre respectivamente.\u00a0 Tambi\u0117n, el D\u00eda de Col\u00f3n o D\u00eda de la Raza que es el 12 de octubre, cae dentro de este periodo de 30 d\u00edas.<\/p>\n<p>Esta celebraci\u00f3n comenz\u00f3 en 1968 como la Semana de la Herencia Hispana bajo el Presidente Lyndon Johnson y se extendi\u00f3 a 30 d\u00edas por el\u00a0 Presidente Ronald Reagan en 1988, desde el 15 de septiembre al 15 de octubre.\u00a0 La celebraci\u00f3n del Mes de la Herencia Hispana fue pro- clamada por primera vez por el Presidente George H.W. Bush en 1989 y los dem\u00e1s presidentes han proclamado anualmente esta celebraci\u00f3n. En Virginia, el Gobernador observa este mes y adem\u00e1s puede patrocinar una recepci\u00f3n en la Mansi\u00f3n del Gobernador y\/o celebrar un Congreso\/Cumbre Latina.<\/p>\n<h2>La Importancia para los Estados Unidos:<\/h2>\n<ul>\n<li>Los Hispanos forman una parte muy importante en la demograf\u00eda de la naci\u00f3n. Es el segundo grupo \u0117tnico\/racial m\u00e1s numeroso, despu\u0117s de los otros grupos que no son hispanos.\u00a0 Tambi\u0117n es el segundo grupo entre la poblaci\u00f3n joven que tiene un mayor \u00edndice de crecimiento en la \u00faltima d\u0117cada.\n<ul>\n<li>En el 2019 el total de poblaci\u00f3n hispana era de 60.6 millones de personas, un aumento de 930,000 del a\u00f1o anterior.\u00a0 En el Censo del 2010, la poblaci\u00f3n era de 50.7 millones de personas.<\/li>\n<li>Entre el 2010 y 2019 la poblaci\u00f3n hispana aument\u00f3 de un 16% a un 18%.\u00a0 Este incremento de la poblaci\u00f3n hispana contaba casi la mitad (52%) del crecimento total de la poblaci\u00f3n en los Estados Unidos en este periodo.<\/li>\n<\/ul>\n<\/li>\n<li>La influencia hispana esta presente en la vida americana, desde la m\u00fasica y comida hasta el arte y la literatura y se envuelve en todos los aspectos de la sociedad americana.<\/li>\n<li>Este el es mes en el cual los ni\u00f1os pueden apreder de sus ra\u00edces y ofrece una oportunidad para que los que no son hispanos conozcan m\u00e1s sobre esta cultura que ha contribuido desde tanto tiempo y en muy distintas maneras a la prosperidad de esta naci\u00f3n.<\/li>\n<\/ul>\n<h2>Importancia para Virginia:<\/h2>\n<ul>\n<li>Los hispanos\/latinos pueden trazar su herencia en Virginia m\u00e1s de 500 a\u00f1os, casi un siglo antes de la llegada de los colonizadores de James- town en 1607.\u00a0 Algunos hispanos llegaron a Chesapeake Bay en 1525,\u00a0 dejando su huella y patrimonio cultural en el Commonwealth of Virginia que contin\u00faa hasta el 2020.\u00a0 Los importantes logros y adelantos que ha hecho la comunidad hispana en el desarrollo, las artes y la cultura ha tenido un impacto en la formaci\u00f3n social e intelectual que afirma siglos de la presencia hispana en Virginia.<\/li>\n<li>La comunidad latina en Virginia contribuye en formas importantes al desarrollo econ\u00f3mico y social del estado.\u00a0\u00a0 En 2019, revisando el censo de 2010, la comunidad ha visto un incremento del 32.1% que supone m\u00e1s de 834,000 latinos.\u00a0 Esta cifra coloca a los hispanos en el n\u00famero 16 entre los otros estados y representa 9.8% de toda la poblaci\u00f3n de Virgina, concentr\u00e1ndose en el norte de Virgina, la regi\u00f3n de Tidewater, y la zona metropolitana d Richmond. Seg\u00fan el Commonwealth Institute for Fiscal Analysis se estima que para 2030 los latinos\/hispanos representar\u00e1n el 17.2% de la poblaci\u00f3n de Virginia, un 1,600,000 residentes y sumando el 79% del crecimiento de Virginia, lo que mostrar\u00eda que 1 de cada 10 residentes ser\u00eda latino.<\/li>\n<li>Los hispanos\/latinos son de diversos or\u00edgines, viven en todas partes del estado, y forman una poblaci\u00f3n m\u00e1s joven comparada con los otros grupos. Los salvadore\u00f1os, mexicanos y puertorrique\u00f1os componen la midad de los latinos en Virginia, y el resto de la poblaci\u00f3n hispana viene del Caribe, Centro y Sur de Am\u0117rica.\u00a0 La edad media del grupo es de 29 a\u00f1os y 22% de la poblaci\u00f3n es menor de 18 a\u00f1os. M\u00e1s de la mitad (54.2%) son biling\u00fces y m\u00e1s de un cuarto (27.7%) solamente hablan en ingl\u0117s.\u00a0 Hay 120,000 o el 17.3% habla solomente espa\u00f1ol, con un dominio limitado de ingl\u0117s.\u00a0 Adem\u00e1s portugu\u0117s y lenguas ind\u00edgenas del Centro y Am\u0117rica del Sur se hablan en un porcentaje menor en Virginia.<\/li>\n<li>En el a\u00f1o escolar de 2019-2020, 221,000 (17%) de los estudiantes en las escuelas p\u00fablicas en Virginia eran hispanos entre la poblaci\u00f3n total de 1.3 millones de estudiantes (K-12).<\/li>\n<li>Debido al \u0117xito en negocios de los hispanos, especialmente en Virginia, ha crecido el n\u00famero de empleos en el sector administrativo y t\u0117cnico. Dado el incremento de la poblaci\u00f3n hispana, en los pr\u00f3ximos a\u00f1os, se espera que los negocios de los hispanos crezcan m\u00e1s en Virginia y en el resto del pa\u00eds.<\/li>\n<li>Entre los negocios en Virginia, en el condado de Fairfax, el 34% de los negocios\/empresas en la zona son propiedad de los hispanos. La ganacias de estos negocios sobrepasa la cifra de 1,9 billones de ventas que representan los negocios hispanos en Virginia.<\/li>\n<li>Virginia mantiene el rango mayor de empleo en la tecnolog\u00eda de los Estados Unidos, que incluye muchos de los negocios tecnol\u00f3gicos que est\u00e1n en manos de los hispanos. El condado de Fairfax, el m\u00e1s poblado y potente de Virginia es el lugar donde se encuentran 3 de los m\u00e1s importantes y crecientes negocios hispanos en los Estados Unidos: MicroTech, The Centech Group, Inc. y Provideo Management.<\/li>\n<\/ul>\n<h2>Sitios Web:<\/h2>\n<ul>\n<li><a href=\"https:\/\/www.si.edu\/events\/heritagemonth\">Smithsonian Education \u2013 Hispanic Heritage Month<\/a><\/li>\n<li><a href=\"https:\/\/www.pewresearch.org\/hispanic\">https:\/\/www.pewresearch.org\/hispanic<\/a><\/li>\n<li><a href=\"https:\/\/www.thecommonwealthinstitute.org\">https:\/\/www.thecommonwealthinstitute.org<\/a><\/li>\n<li><a href=\"https:\/\/www.vlab.virginia.gov\">https:\/\/www.vlab.virginia.gov<\/a><\/li>\n<li><a href=\"https:\/\/www.vahcc.com\/quepasafestival\">https:\/\/www.vahcc.com\/quepasafestival<\/a><\/li>\n<\/ul>\n","protected":false},"excerpt":{"rendered":"<p>Informaci\u00f3n General: Cada a\u00f1o, los americanos en Estados Unidos celebran el Mes de la Herencia Hisp\u00e1nica desde el 15 de septiembre al 15 de octubre, recordando historias, culturas e importantes contribuciones de los hispanos en los Estados Unidos y en otras partes del mundo cuyas raices vienen de Espa\u00f1a, M\u0117xico, el Caribe y Am\u0117rica del &#8230; <a title=\"Mes de La Herencia Hispanica\" class=\"read-more\" href=\"https:\/\/alsacv.org\/?page_id=297\" aria-label=\"Read more about Mes de La Herencia Hispanica\">Read more<\/a><\/p>\n","protected":false},"author":2,"featured_media":0,"parent":0,"menu_order":0,"comment_status":"closed","ping_status":"closed","template":"","meta":{"footnotes":""},"class_list":{"0":"post-297","1":"page","2":"type-page","3":"status-publish","5":"no-featured-image-padding"},"_links":{"self":[{"href":"https:\/\/alsacv.org\/index.php?rest_route=\/wp\/v2\/pages\/297"}],"collection":[{"href":"https:\/\/alsacv.org\/index.php?rest_route=\/wp\/v2\/pages"}],"about":[{"href":"https:\/\/alsacv.org\/index.php?rest_route=\/wp\/v2\/types\/page"}],"author":[{"embeddable":true,"href":"https:\/\/alsacv.org\/index.php?rest_route=\/wp\/v2\/users\/2"}],"replies":[{"embeddable":true,"href":"https:\/\/alsacv.org\/index.php?rest_route=%2Fwp%2Fv2%2Fcomments&post=297"}],"version-history":[{"count":0,"href":"https:\/\/alsacv.org\/index.php?rest_route=\/wp\/v2\/pages\/297\/revisions"}],"wp:attachment":[{"href":"https:\/\/alsacv.org\/index.php?rest_route=%2Fwp%2Fv2%2Fmedia&parent=297"}],"curies":[{"name":"wp","href":"https:\/\/api.w.org\/{rel}","templated":true}]}}